{"id":71,"date":"2012-04-09T03:25:06","date_gmt":"2012-04-09T07:25:06","guid":{"rendered":"http:\/\/sosshockwave.com\/?page_id=71"},"modified":"2025-08-12T23:43:21","modified_gmt":"2025-08-13T03:43:21","slug":"fasciite-plantaire","status":"publish","type":"page","link":"https:\/\/www.sosshockwave.com\/en\/conditions\/fasciite-plantaire","title":{"rendered":"Fasciite plantaire et shockwave"},"content":{"rendered":"<h2>Le traitement de shockwave pour la fasciite plantaire<\/h2>\n<p>&nbsp;<\/p>\n<p>Le traitement de la fasciite plantaire en utilisant la th\u00e9rapie par ondes de choc est efficace et s\u00e9curitaire, comme en t\u00e9moignent de nombreuses \u00e9tudes.<\/p>\n<p>&nbsp;<\/p>\n<h3>Qu\u2019est-ce que la fasciite plantaire?<\/h3>\n<p>&nbsp;<\/p>\n<p align=\"justify\">La fasciite plantaire ou apon\u00e9vrosite plantaire est une inflammation tr\u00e8s douloureuse du fascia plantaire (\u00e9galement appel\u00e9 apon\u00e9vrose : l\u2019enveloppe fibreuse du tendon qui forme l&rsquo;arche du pied) sur la partie inf\u00e9rieure du pied. Elle est souvent consid\u00e9r\u00e9e comme identique \u00e0, ou vu avec, \u00e9pine calcan\u00e9enne. La fonction du fascia plantaire consiste \u00e0 soutenir et \u00e0 prot\u00e9ger le tendon de la plante du pied. La fasciite plantaire est relativement fr\u00e9quente : environ 10% des joggeurs et environ le m\u00eame pourcentage de la population en g\u00e9n\u00e9ral. Elle est plus courante apr\u00e8s la quarantaine.<\/p>\n<p>&nbsp;<\/p>\n<div id=\"attachment_252\" style=\"width: 310px\" class=\"wp-caption aligncenter\"><a href=\"https:\/\/www.sosshockwave.com\/en\/uploads\/2013\/06\/fascia_plantaire.png\/\"><img loading=\"lazy\" decoding=\"async\" aria-describedby=\"caption-attachment-252\" class=\"size-medium wp-image-252\" src=\"https:\/\/sosshockwave.com\/uploads\/2013\/06\/fascia_plantaire-300x226.png\" alt=\"Fascia plantaire ou apon\u00e9vrose\" width=\"300\" height=\"226\" srcset=\"https:\/\/www.sosshockwave.com\/wp-content\/uploads\/2013\/06\/fascia_plantaire-300x226.png 300w, https:\/\/www.sosshockwave.com\/wp-content\/uploads\/2013\/06\/fascia_plantaire.png 715w\" sizes=\"auto, (max-width:767px) 300px, 300px\" \/><\/a><p id=\"caption-attachment-252\" class=\"wp-caption-text\">Fascia plantaire ou apon\u00e9vrose<\/p><\/div>\n<p>&nbsp;<\/p>\n<h3>Quels sont les sympt\u00f4mes de la fasciite plantaire?<\/h3>\n<p>&nbsp;<\/p>\n<p align=\"justify\">Lorsque vous souffrez d&rsquo;une fasciite plantaire, la douleur est habituellement \u00e0 l&rsquo;avant et le bas du talon. Il peut \u00e9galement \u00eatre sur toute la surface du dessous du pied. La douleur peut \u00eatre l\u00e9g\u00e8re ou d\u00e9bilitante. Elle peut durer quelques mois ou toute une vie. Elle peut dispara\u00eetre d\u2019elle-m\u00eame et revenir dans quelques semaines ou quelques mois. Cinquante pour cent des personnes atteintes disent que la douleur est constante. Environ 90 pour cent disent que \u00e7a fait mal lorsqu&rsquo;on presse avec un doigt profond\u00e9ment.<\/p>\n<p>&nbsp;<\/p>\n<p align=\"justify\">\u00c0 cet \u00e9gard, la palpation du talon, au point d&rsquo;insertion de l&rsquo;apon\u00e9vrose plantaire, peut provoquer des douleurs, particuli\u00e8rement si celle-ci est trop \u00e9tir\u00e9e, comme lorsque vous souffrez d&rsquo;une fasciite plantaire. Dans ce cas, il ne serait pas prescrit de faire des exercices d\u2019\u00e9tirement malgr\u00e9 que plusieurs th\u00e9rapeutes recommandent d\u2019en faire \u00e0 tort.<\/p>\n<p>&nbsp;<\/p>\n<p align=\"justify\">La douleur peut \u00e9galement \u00e9voluer et devenir agonisante vers la fin de la journ\u00e9e. Bien que la fasciite plantaire soit la cause la plus fr\u00e9quente de la douleur sous le talon, il faut absolument faire un bon diagnostic diff\u00e9rentiel afin d\u2019\u00e9liminer la possibilit\u00e9 de d&rsquo;autres conditions en faisant une historique approfondie de votre condition ainsi que tous les examens appropri\u00e9s, comme la radiographie, \u00e9chographie ou IRM.<\/p>\n<p>&nbsp;<\/p>\n<div id=\"attachment_257\" style=\"width: 310px\" class=\"wp-caption aligncenter\"><a href=\"https:\/\/www.sosshockwave.com\/en\/uploads\/2013\/06\/fasciite_plantaire_symptomes.png\/\"><img loading=\"lazy\" decoding=\"async\" aria-describedby=\"caption-attachment-257\" class=\"size-full wp-image-257\" src=\"https:\/\/sosshockwave.com\/uploads\/2013\/06\/fasciite_plantaire_symptomes.png\" alt=\"Sympt\u00f4mes de la fasciite plantaire\" width=\"300\" height=\"363\" srcset=\"https:\/\/www.sosshockwave.com\/wp-content\/uploads\/2013\/06\/fasciite_plantaire_symptomes.png 300w, https:\/\/www.sosshockwave.com\/wp-content\/uploads\/2013\/06\/fasciite_plantaire_symptomes-247x300.png 247w\" sizes=\"auto, (max-width:767px) 300px, 300px\" \/><\/a><p id=\"caption-attachment-257\" class=\"wp-caption-text\">Sympt\u00f4mes de la fasciite plantaire<\/p><\/div>\n<p><b>La douleur de la fasciite plantaire est habituellement pire:<\/b><\/p>\n<ul>\n<li>Dans la matin\u00e9e, quand vous faites vos premiers pas<\/li>\n<li>Apr\u00e8s avoir \u00e9t\u00e9 debout ou assis pendant un bon moment<\/li>\n<li>Lors de la mont\u00e9e des escaliers<\/li>\n<li>Apr\u00e8s une activit\u00e9 intense<\/li>\n<li>\u00c0 la fin de la journ\u00e9e<\/li>\n<\/ul>\n<p>&nbsp;<\/p>\n<h3>Diagnostic diff\u00e9rentiel: fasciite plantaire ou sciatique?<\/h3>\n<p>&nbsp;<\/p>\n<p align=\"justify\">La sciatique est une des causes les plus fr\u00e9quentes de douleur au talon (mais il en existe d&rsquo;autres beaucoup moins fr\u00e9quentes) et doit donc \u00eatre consid\u00e9r\u00e9e dans le diagnostic diff\u00e9rentiel de la fasciite plantaire ou de l\u2019\u00e9pine de Lenoir. La sciatique se produit lorsque le nerf sciatique est comprim\u00e9, ce qui provoque des douleurs dans les zones du corps qu&rsquo;elle dessert, y compris le talon. Ce qui rend le diagnostic diff\u00e9rentiel difficile, c\u2019est que parfois, le seul sympt\u00f4me de la sciatique pr\u00e9sent est justement une douleur dans le talon.<\/p>\n<p>&nbsp;<\/p>\n<h3>Qu\u2019est-ce qui cause la fasciite plantaire?<\/h3>\n<p>&nbsp;<\/p>\n<p align=\"justify\">La fasciite plantaire se produit lorsque l\u2019apon\u00e9vrose sous le pied est trop \u00e9tir\u00e9e ou surutilis\u00e9e. Une fois irrit\u00e9e, elle est tr\u00e8s douloureuse et peut rendre la marche plus difficile.<\/p>\n<p>&nbsp;<\/p>\n<p align=\"justify\"><b>La fasciite plantaire est une affection caus\u00e9e par des facteurs tels que:<\/b><\/p>\n<ul>\n<li>les pieds plats;<\/li>\n<li>les pieds creux;<\/li>\n<li><span style=\"font-size: small;\">un\u00a0mauvais alignement en rotation des jambes;<\/span><\/li>\n<li><span style=\"font-size: small;\">une in\u00e9galit\u00e9 de longueur des jambes;<\/span><\/li>\n<li>trop longue p\u00e9riode debout;<\/li>\n<li>des chaussures inad\u00e9quates (mals coussin\u00e9es ou sans support de l&rsquo;arche) sur un sol dur;<\/li>\n<li>des chaussures qui supportent mal vos pieds (voir plus bas);<\/li>\n<li>le stress r\u00e9p\u00e9titif (ex. jogging);<\/li>\n<li>une alimentation d\u00e9ficiente en vitamine C;<\/li>\n<li>un changement ou une augmentation des activit\u00e9s (plus de marche ou d&rsquo;impact: ex. tapis roulant);<\/li>\n<li>un exc\u00e8s de poids;<\/li>\n<li>li\u00e9e \u00e0 l&rsquo;\u00e2ge et la r\u00e9duction progressive du coussinet adipeux sous le talon;<\/li>\n<li>une biom\u00e9canique anormale du pied (ex. luxation de l\u2019astragale ou talus);<\/li>\n<li>une biom\u00e9canique anormale du bassin (mauvais alignement: une hanche plus haute que l&rsquo;autre)<\/li>\n<li>une blessure (ex. un traumatisme particulier comme le fait de glisser, d\u2019atterrir brusquement sur le talon).<\/li>\n<\/ul>\n<p>&nbsp;<\/p>\n<h3>Les chaussures inad\u00e9quates sont celles qui &#8230; :<\/h3>\n<p>&nbsp;<\/p>\n<ul>\n<li>n&rsquo;ont pas de soutien suffisant de l\u2019arche du pied;<\/li>\n<li>n\u2019ont pas un talon sur\u00e9lev\u00e9 (2 \u00e0 4 cm);<\/li>\n<li>sont trop us\u00e9es<\/li>\n<li>ne plient pas \u00e0 la plante du pied<\/li>\n<li>n&rsquo;ont pas de semelle coussin\u00e9e et sont port\u00e9es sur une surface dure<\/li>\n<\/ul>\n<h3>\u00a0<\/h3>\n<h3>Luxation du talus et fasciite plantaire<\/h3>\n<p>&nbsp;<\/p>\n<p align=\"justify\">La cheville est une articulation compos\u00e9e de trois structures\u00a0: le tibia, la fibula (p\u00e9ron\u00e9) et le talus (astragale). La luxation ou perte de mobilit\u00e9 du talus implique une perte de la relation entre les surfaces articulaires de ces trois os.<\/p>\n<p align=\"justify\">La luxation post\u00e9rieure du talus est la plus courante: le talus (astragale) se trouve amen\u00e9 en arri\u00e8re du tibia. Le m\u00e9canisme le plus souvent <a class=\"wpil_keyword_link\" href=\"https:\/\/www.sostourismemedical.com\/chirurgie\/mis\/\" title=\"mis\" data-wpil-keyword-link=\"linked\" data-wpil-monitor-id=\"22\" target=\"_blank\" rel=\"noopener\">mis<\/a> en cause est celui d&rsquo;une force appliqu\u00e9e \u00e0 l&rsquo;avant d&rsquo;un pied trop fl\u00e9chi (ex. trop longtemps sur la paume du pied dans un escabeau) ou suite \u00e0 une entorse de la cheville.<\/p>\n<p align=\"justify\">\u00c0 cet \u00e9gard, cette perturbation biom\u00e9canique de la cheville peut avoir un impact direct sur des compensations de la d\u00e9marche, pour \u00e9viter la douleur au niveau de la cheville, et entra\u00eener un stress r\u00e9p\u00e9titif sur le fascia plantaire. Pour cette raison, il est absolument essentiel de corriger toute anomalie de la biom\u00e9canique de la cheville si l\u2019on veut \u00e9liminer la cause de la fasciite plantaire.<\/p>\n<p>&nbsp;<\/p>\n<h3>Pronation du pied et fasciite plantaire<\/h3>\n<p>&nbsp;<\/p>\n<p align=\"justify\">La pronation du pied est un des facteurs de risque les plus fr\u00e9quent de la fasciite plantaire du fait que le poids du corps est mal r\u00e9parti et que l&rsquo;arche du pied form\u00e9e du fascia plantaire et trop sollicit\u00e9.<\/p>\n<p>&nbsp;<\/p>\n<div id=\"attachment_73\" style=\"width: 310px\" class=\"wp-caption aligncenter\"><a href=\"https:\/\/www.sosshockwave.com\/en\/uploads\/2012\/04\/Plantar-Fasciitis-Pronation2.jpg\/\"><img loading=\"lazy\" decoding=\"async\" aria-describedby=\"caption-attachment-73\" class=\"size-medium wp-image-73\" title=\"Fasciite plantaire - pronation du pied\" src=\"https:\/\/sosshockwave.com\/uploads\/2012\/04\/Plantar-Fasciitis-Pronation2-300x226.jpg\" alt=\"Fasciite plantaire - pronation du pied\" width=\"300\" height=\"226\" srcset=\"https:\/\/www.sosshockwave.com\/wp-content\/uploads\/2012\/04\/Plantar-Fasciitis-Pronation2-300x226.jpg 300w, https:\/\/www.sosshockwave.com\/wp-content\/uploads\/2012\/04\/Plantar-Fasciitis-Pronation2.jpg 715w\" sizes=\"auto, (max-width:767px) 300px, 300px\" \/><\/a><p id=\"caption-attachment-73\" class=\"wp-caption-text\">Fasciite plantaire &#8211; pronation du pied<\/p><\/div>\n<p>&nbsp;<\/p>\n<h3>Le traitement de la fasciite plantaire: Le PROTOCOLE SHOCKWAVE PRO<sup> MD <\/sup><\/h3>\n<p>&nbsp;<\/p>\n<p align=\"justify\">Nous avons mis au point un protocole de traitement r\u00e9volutionnaire bas\u00e9 sur les donn\u00e9es probantes provenant des \u00e9tudes cliniques d\u00e9montrant l&rsquo;efficacit\u00e9 de ces traitements: le \u00ab\u00a0Protocole Shockwave Pro MD\u00a0\u00bb consiste en une prise en charge exhaustive du processus complet allant de la cause jusqu&rsquo;au traitement et \u00e0 la gu\u00e9rison de votre fasciite plantaire.<\/p>\n<p>&nbsp;<\/p>\n<p align=\"justify\">Le <strong>Protocole Shockwave Pro<sup> MD<\/sup> de la fasciite plantaire <\/strong>consiste en cinq interventions pr\u00e9cises:<\/p>\n<p>&nbsp;<\/p>\n<ol>\n<li>Un traitement par ondes de choc ou shockwave par semaine (si votre condition est chronique seulement)<\/li>\n<li>Un traitement de laser classe IV par semaine (deux traitements par semaine si votre condition est aig\u00fce<\/li>\n<li>V\u00e9rification et\/ou correction de l&rsquo;alignement du bassin<\/li>\n<li>V\u00e9rification et\/ou correction de la pronation du pied<\/li>\n<li>Prescription d&rsquo;orth\u00e8ses plantaires si n\u00e9cessaire<\/li>\n<\/ol>\n<p>&nbsp;<\/p>\n<p align=\"justify\"><strong>Protocole Shockwave Pro<sup> MD<\/sup> <\/strong> pour le traitement de la fasciite plantaire n\u00e9cessite g\u00e9n\u00e9ralement de 3 \u00e0 6 semaines de soins, d\u00e9pendamment de la s\u00e9v\u00e9rit\u00e9 de votre condition, de votre \u00e9tat de sant\u00e9 et de la r\u00e9ponse de votre corps au traitement. Vous comprendrez que chaque patient est unique et qu&rsquo;il est impossible de pr\u00e9voir avec exactitude la dur\u00e9e de votre traitement.<\/p>\n<p>&nbsp;<\/p>\n<h3>Traitement de la fasciite plantaire avec l&rsquo;appareil de shockwave<\/h3>\n<p>&nbsp;<\/p>\n<p><iframe loading=\"lazy\" title=\"Fasciite Plantaire - Traitement Shockwave\" width=\"1220\" height=\"686\" src=\"https:\/\/www.youtube.com\/embed\/OhxJhjZWUBo?feature=oembed\" frameborder=\"0\" allow=\"accelerometer; autoplay; clipboard-write; encrypted-media; gyroscope; picture-in-picture; web-share\" allowfullscreen><\/iframe><\/p>","protected":false},"excerpt":{"rendered":"<p>Le traitement de shockwave pour la fasciite plantaire &nbsp; Le traitement de la fasciite plantaire en utilisant la th\u00e9rapie par ondes de choc est efficace et<span class=\"excerpt-hellip\"> [\u2026]<\/span><\/p>\n","protected":false},"author":5,"featured_media":257,"parent":21,"menu_order":2,"comment_status":"closed","ping_status":"closed","template":"","meta":{"footnotes":""},"tags":[15,16,8,14,6,17],"class_list":["post-71","page","type-page","status-publish","has-post-thumbnail","hentry","tag-biomecanique","tag-correction","tag-fasciite-plantaire","tag-laser","tag-shockwave","tag-traitement"],"_links":{"self":[{"href":"https:\/\/www.sosshockwave.com\/en\/wp-json\/wp\/v2\/pages\/71","targetHints":{"allow":["GET"]}}],"collection":[{"href":"https:\/\/www.sosshockwave.com\/en\/wp-json\/wp\/v2\/pages"}],"about":[{"href":"https:\/\/www.sosshockwave.com\/en\/wp-json\/wp\/v2\/types\/page"}],"author":[{"embeddable":true,"href":"https:\/\/www.sosshockwave.com\/en\/wp-json\/wp\/v2\/users\/5"}],"replies":[{"embeddable":true,"href":"https:\/\/www.sosshockwave.com\/en\/wp-json\/wp\/v2\/comments?post=71"}],"version-history":[{"count":42,"href":"https:\/\/www.sosshockwave.com\/en\/wp-json\/wp\/v2\/pages\/71\/revisions"}],"predecessor-version":[{"id":2479,"href":"https:\/\/www.sosshockwave.com\/en\/wp-json\/wp\/v2\/pages\/71\/revisions\/2479"}],"up":[{"embeddable":true,"href":"https:\/\/www.sosshockwave.com\/en\/wp-json\/wp\/v2\/pages\/21"}],"wp:featuredmedia":[{"embeddable":true,"href":"https:\/\/www.sosshockwave.com\/en\/wp-json\/wp\/v2\/media\/257"}],"wp:attachment":[{"href":"https:\/\/www.sosshockwave.com\/en\/wp-json\/wp\/v2\/media?parent=71"}],"wp:term":[{"taxonomy":"post_tag","embeddable":true,"href":"https:\/\/www.sosshockwave.com\/en\/wp-json\/wp\/v2\/tags?post=71"}],"curies":[{"name":"wp","href":"https:\/\/api.w.org\/{rel}","templated":true}]}}